{"id":9,"date":"2024-09-17T22:36:16","date_gmt":"2024-09-17T22:36:16","guid":{"rendered":"https:\/\/www.701realestate.com.mx\/?page_id=9"},"modified":"2026-03-17T13:50:39","modified_gmt":"2026-03-17T19:50:39","slug":"inicio","status":"publish","type":"page","link":"https:\/\/www.701realestate.com.mx\/en\/","title":{"rendered":"Home"},"content":{"rendered":"<!--themify_builder_content-->\n<div id=\"themify_builder_content-9\" data-postid=\"9\" class=\"themify_builder_content themify_builder_content-9 themify_builder tf_clear\">\n                    <div  data-lazy=\"1\" class=\"module_row themify_builder_row tb_yiqv802 tb_first tf_w\">\n            <span class=\"builder_row_cover tf_abs\"><\/span>            <div class=\"row_inner col_align_middle tb_col_count_2 tf_box tf_rel\">\n                        <div  data-lazy=\"1\" class=\"module_column tb-column col4-2 tb_q9ce802 first\">\n                    <!-- module text -->\n<div  class=\"module module-text tb_l88g816\" data-lazy=\"1\">\n        <div  class=\"tb_text_wrap\">\n        <h3>At 701 REAL ESTATE, we are more than a real estate firm: we are your strategic partner in the world of property.<\/h3>    <\/div>\n<\/div>\n<!-- \/module text --><!-- module buttons -->\n<div  class=\"module module-buttons tb_k2a234 buttons-horizontal solid   rounded\" data-lazy=\"1\">\n        <div class=\"module-buttons-item tf_in_flx\">\n                        <a href=\"https:\/\/www.701realestate.com.mx\/en\/#contacto\" class=\"ui builder_button tf_in_flx tb_default_color\" >\n                                                Contact Us                                        <\/a>\n                <\/div>\n            <\/div>\n<!-- \/module buttons -->\n        <\/div>\n                    <div  data-lazy=\"1\" class=\"module_column tb-column col4-2 tb_z8kq546 last\">\n                    <!-- module text -->\n<div  class=\"module module-text tb_cjum969\" data-lazy=\"1\">\n        <div  class=\"tb_text_wrap\">\n        <p style=\"text-align: center;\">What are you looking for?<\/p>    <\/div>\n<\/div>\n<!-- \/module text --><!-- module contact -->\n<div  id=\"tb_zvsm284\" class=\"module module-contact tb_zvsm284 contact-style1\" data-lazy=\"1\">\n    \n\t<form class=\"builder-contact\"\n\t\tid=\"tb_zvsm284-form\"\n\t\tmethod=\"post\"\n\t\tdata-post-id=\"9\"\n\t\tdata-element-id=\"zvsm284\"\n\t\tdata-orig-id=\"9\" action=\"\"\n\t>\n    <div class=\"contact-message\"><\/div>\n\t<div class=\"builder-contact-fields tf_rel\">\n\t\t    \t\t    <div class=\"builder-contact-field builder-contact-field-name builder-contact-text-field\">\n\t\t\t    <label class=\"control-label\" for=\"tb_zvsm284-contact-name\">\n\t\t\t\t\t\t\t\t\t\t<span class=\"tb-label-span\">Name <\/span><span class=\"required\">*<\/span>\t\t\t\t<\/label>\n\t\t\t    <div class=\"control-input tf_rel\">\n\t\t\t\t    \t\t\t\t\t    <input type=\"text\" name=\"contact-name\" placeholder=\"\" id=\"tb_zvsm284-contact-name\" value=\"\" class=\"form-control\" required>\n\t\t\t\t    \t\t\t\t    \t\t\t    <\/div>\n\t\t<\/div>\n\t    \n\t\t    \t\t    <div class=\"builder-contact-field builder-contact-field-email builder-contact-text-field\">\n\t\t\t    <label class=\"control-label\" for=\"tb_zvsm284-contact-email\">\n\t\t\t\t\t\t\t\t\t\t<span class=\"tb-label-span\">Email <\/span><span class=\"required\">*<\/span>\t\t\t\t<\/label>\n\t\t\t    <div class=\"control-input tf_rel\">\n\t\t\t\t    \t\t\t\t\t    <input type=\"email\" name=\"contact-email\" placeholder=\"\" id=\"tb_zvsm284-contact-email\" value=\"\" class=\"form-control\" required>\n\t\t\t\t    \t\t\t\t    \t\t\t    <\/div>\n\t\t<\/div>\n\t    \n\t\t    \t\t    \t\t    <div class=\"builder-contact-field builder-contact-field-extra builder-contact-text-field\">\n\t\t\t\t\n\t\t\t\t<label class=\"control-label\" for=\"field_extra_tb_zvsm284_0\">\n\t\t\t\t\t\n\t\t\t\t\tPhone Number\t\t\t\t\t\t\t\t\t\t\t<input type=\"hidden\" name=\"field_extra_name_0\" value=\"Tel\u00e9fono\">\n\t\t\t\t\t\t\t\t\t<\/label>\n\t\t\t\t<div class=\"control-input tf_rel\">\n\t\t\t\t\t\t\t\t\t\t\t<input type=\"text\" name=\"field_extra_0\" id=\"field_extra_tb_zvsm284_0\" placeholder=\"\" class=\"form-control\">\n\t\t\t\t\t\n\t\t\t\t\t\t\t\t\t<\/div>\n\t\t    <\/div>\n\t    \n\t\t    \t\t    \t\t    <div class=\"builder-contact-field builder-contact-field-extra builder-contact-checkbox-field\">\n\t\t\t\t\n\t\t\t\t<label class=\"control-label\">\n\t\t\t\t\t\n\t\t\t\t\tSearch:\t\t\t\t\t\t\t\t\t\t\t<input type=\"hidden\" name=\"field_extra_name_1\" value=\"Busco:\">\n\t\t\t\t\t\t\t\t\t<\/label>\n\t\t\t\t<div class=\"control-input tf_rel\">\n\t\t\t\t\t\t\t\t\t\t\t\t\t\t\t\t\t\t\t\t\t\t\t\t\t\t<label>\n\t\t\t\t\t\t\t\t\t<input type=\"checkbox\" name=\"field_extra_1[]\" value=\"Casa\" class=\"form-control\">House\t\t\t\t\t\t\t\t<\/label>\n\t\t\t\t\t\t\t\t\t\t\t\t\t\t\t<label>\n\t\t\t\t\t\t\t\t\t<input type=\"checkbox\" name=\"field_extra_1[]\" value=\"Departamento\" class=\"form-control\">Appartment\t\t\t\t\t\t\t\t<\/label>\n\t\t\t\t\t\t\t\t\t\t\t\t\t\t\t<label>\n\t\t\t\t\t\t\t\t\t<input type=\"checkbox\" name=\"field_extra_1[]\" value=\"Local\" class=\"form-control\">Commercial space\t\t\t\t\t\t\t\t<\/label>\n\t\t\t\t\t\t\t\t\t\t\t\t\t\t\t<label>\n\t\t\t\t\t\t\t\t\t<input type=\"checkbox\" name=\"field_extra_1[]\" value=\"Terreno\" class=\"form-control\">Land\t\t\t\t\t\t\t\t<\/label>\n\t\t\t\t\t\t\t\t\t\t\t\t\t\t\t<label>\n\t\t\t\t\t\t\t\t\t<input type=\"checkbox\" name=\"field_extra_1[]\" value=\"Otro\" class=\"form-control\">Other\t\t\t\t\t\t\t\t<\/label>\n\t\t\t\t\t\t\t\t\t\t\t\t\t\t\t\t\t\t\n\t\t\t\t\t\t\t\t\t<\/div>\n\t\t    <\/div>\n\t    \n\t\t    \t\t\n\t\t\n\t    \n\t    <div class=\"builder-contact-field builder-contact-field-send control-input tf_textc tf_clear tf_rel\">\n\t\t\t<button type=\"submit\" class=\"btn btn-primary\">\n\t\t\t\t<span class=\"tf_loader\"><\/span>\t\t\t\t<span class=\"tf_submit_icon\"><\/span> \n\t\t\t\tI want to find a property\t\t\t<\/button>\n\t    <\/div>\n\t<\/div>\n    <input type=\"hidden\" name=\"trp-form-language\" value=\"en\"\/><\/form>\n    <\/div>\n<!-- \/module contact -->\n        <\/div>\n                        <\/div>\n        <\/div>\n                        <div  data-anchor=\"background\" data-lazy=\"1\" class=\"module_row themify_builder_row tb_has_section tb_section-background tb_rr228 tf_w\">\n                        <div class=\"row_inner col_align_middle tb_col_count_2 tf_box tf_rel\">\n                        <div  data-lazy=\"1\" class=\"module_column tb-column col4-2 tb_6vyg9 first\">\n                    <!-- module image -->\n<div  class=\"module module-image tb_89is665 image-top   tf_mw\" data-lazy=\"1\">\n        <div class=\"image-wrap tf_rel tf_mw\">\n            <img loading=\"lazy\" decoding=\"async\" src=\"http:\/\/www.701realestate.com.mx\/wp-content\/uploads\/2024\/09\/seccion-nosotros.jpeg\" width=\"1080\" height=\"1080\" title=\"Home\" alt=\"Inicio\">    \n        <\/div>\n    <!-- \/image-wrap -->\n    \n        <\/div>\n<!-- \/module image -->        <\/div>\n                    <div  data-lazy=\"1\" class=\"module_column tb-column col4-2 tb_s5kg346 last\">\n                    <!-- module text -->\n<div  class=\"module module-text tb_70x5204\" data-lazy=\"1\">\n        <div  class=\"tb_text_wrap\">\n        <p>Project Background<\/p>    <\/div>\n<\/div>\n<!-- \/module text --><!-- module divider -->\n<div  class=\"module tf_mw module-divider tb_px5v326 solid  divider-custom divider-left\" style=\"border-width: 5px;border-color: #f8ecc4;width: 50px;\" data-lazy=\"1\">\n    <\/div>\n<!-- \/module divider -->\n<!-- module text -->\n<div  class=\"module module-text tb_r5uj58\" data-lazy=\"1\">\n        <div  class=\"tb_text_wrap\">\n        <p>Our mission is to provide exceptional service by offering our clients personalized solutions that exceed their expectations. We are dedicated to facilitating buying, selling, and leasing processes with integrity, transparency, and a deep knowledge of the real estate market.<\/p>    <\/div>\n<\/div>\n<!-- \/module text --><!-- module text -->\n<div  class=\"module module-text tb_5t9998\" data-lazy=\"1\">\n        <div  class=\"tb_text_wrap\">\n        <p>Founded in 2023, our company has grown with the purpose of transforming the way people buy, sell, and lease properties.<\/p>    <\/div>\n<\/div>\n<!-- \/module text -->        <\/div>\n                        <\/div>\n        <\/div>\n                        <div  data-anchor=\"propiedades\" data-lazy=\"1\" class=\"module_row themify_builder_row tb_has_section tb_section-propiedades tb_7kpo716 tf_w\">\n                        <div class=\"row_inner col_align_top tb_col_count_1 tf_box tf_rel\">\n                        <div  data-lazy=\"1\" class=\"module_column tb-column col-full tb_rrsj717 first\">\n                    <!-- module text -->\n<div  class=\"module module-text tb_1qje414\" data-lazy=\"1\">\n        <div  class=\"tb_text_wrap\">\n        <p style=\"text-align: center;\">View available properties here<\/p>    <\/div>\n<\/div>\n<!-- \/module text --><!-- module buttons -->\n<div  class=\"module module-buttons tb_13mi191 buttons-horizontal solid  large rounded\" data-lazy=\"1\">\n        <div class=\"module-buttons-item tf_in_flx\">\n                        <a href=\"https:\/\/inmobiliaria-de-pamela-ortiz.easybroker.com\" class=\"ui builder_button tf_in_flx tb_default_color\" target=\"_blank\" rel=\"noopener\">\n                                                View on Easy Broker                                        <\/a>\n                <\/div>\n            <\/div>\n<!-- \/module buttons -->\n        <\/div>\n                        <\/div>\n        <\/div>\n                        <div  data-anchor=\"equipo\" data-css_id=\"9k2i600\" data-lazy=\"1\" class=\"module_row themify_builder_row fullwidth tb_has_section tb_section-equipo tb_9k2i600 tf_w\">\n                        <div class=\"row_inner col_align_middle gutter-none tb_col_count_2 tf_box tf_rel\">\n                        <div  data-lazy=\"1\" class=\"module_column tb-column col4-2 tb_zf8i600 first\">\n                    <!-- module image -->\n<div  class=\"module module-image tb_hv0z342 image-top   tf_mw\" data-lazy=\"1\">\n        <div class=\"image-wrap tf_rel tf_mw\">\n            <img loading=\"lazy\" decoding=\"async\" src=\"http:\/\/www.701realestate.com.mx\/wp-content\/uploads\/2025\/10\/Pamela-nueva.jpg\" width=\"1080\" height=\"1350\" title=\"Home\" alt=\"Inicio\">    \n        <\/div>\n    <!-- \/image-wrap -->\n    \n        <\/div>\n<!-- \/module image -->        <\/div>\n                    <div  data-lazy=\"1\" class=\"module_column tb-column col4-2 tb_0z6g116 last\">\n                    <!-- module text -->\n<div  class=\"module module-text tb_sif6922\" data-lazy=\"1\">\n        <div  class=\"tb_text_wrap\">\n        <p>OUR TEAM<\/p>    <\/div>\n<\/div>\n<!-- \/module text --><!-- module text -->\n<div  class=\"module module-text tb_pgp5161\" data-lazy=\"1\">\n        <div  class=\"tb_text_wrap\">\n        <p>We have a team of highly trained professionals who are passionate about the real estate sector. Our agents and advisors are committed to guiding you through every step of the process, using their experience and knowledge to help you make informed and strategic decisions.<\/p>    <\/div>\n<\/div>\n<!-- \/module text -->        <div  data-lazy=\"1\" class=\"module_subrow themify_builder_sub_row tf_w col_align_middle tb_col_count_2 tb_w6zl759\">\n                <div  data-lazy=\"1\" class=\"module_column sub_column col4-2 tb_15i1759 first\">\n                            <\/div>\n                    <div  data-lazy=\"1\" class=\"module_column sub_column col4-2 tb_3435759 last\">\n                            <\/div>\n                    <\/div>\n        <!-- module text -->\n<div  class=\"module module-text tb_5901109\" data-lazy=\"1\">\n        <div  class=\"tb_text_wrap\">\n        <p>Values<\/p>    <\/div>\n<\/div>\n<!-- \/module text --><!-- module text -->\n<div  class=\"module module-text tb_csnp718\" data-lazy=\"1\">\n        <div  class=\"tb_text_wrap\">\n        <ul>\n<li>Commitment: We are dedicated to your needs and work tirelessly to achieve the best results.<\/li>\n<li>Integrity: We act with honesty and transparency in all our transactions and relationships.<\/li>\n<li>Innovation: We continuously seek new ways to improve our services and adapt to market trends.<\/li>\n<li>Excellence: We strive to exceed expectations by delivering top-tier customer service.<\/li>\n<\/ul>    <\/div>\n<\/div>\n<!-- \/module text -->        <\/div>\n                        <\/div>\n        <\/div>\n                        <div  data-anchor=\"servicios\" data-css_id=\"2h7w879\" data-lazy=\"1\" class=\"module_row themify_builder_row fullwidth tb_has_section tb_section-servicios tb_2h7w879 tf_w\">\n                        <div class=\"row_inner col_align_top tb_col_count_1 tf_box tf_rel\">\n                        <div  data-lazy=\"1\" class=\"module_column tb-column col-full tb_eg0z895 first\">\n                    <!-- module text -->\n<div  class=\"module module-text tb_ukgh895\" data-lazy=\"1\">\n        <div  class=\"tb_text_wrap\">\n        <p style=\"text-align: center;\">SERVICES<\/p>    <\/div>\n<\/div>\n<!-- \/module text --><!-- module text -->\n<div  class=\"module module-text tb_eie3895\" data-lazy=\"1\">\n        <div  class=\"tb_text_wrap\">\n        <p style=\"text-align: center;\">At 701 Real Estate, we offer a full range of real estate services, including:<\/p>    <\/div>\n<\/div>\n<!-- \/module text --><!-- module text -->\n<div  class=\"module module-text tb_3vuf895\" data-lazy=\"1\">\n        <div  class=\"tb_text_wrap\">\n        <ul>\n<li>Property Buying and Selling: We advise on the purchase and sale of residential, commercial, and industrial properties.<\/li>\n<li>Property Leasing: We facilitate property rentals, ensuring that both property owners and tenants have a smooth experience.<\/li>\n<li>Valuations and Transactions: We provide accurate valuations to help you make informed decisions.<\/li>\n<li>Investment Advisory: We offer specialized advice for investors looking to maximize their returns in the real estate market.<\/li>\n<\/ul>    <\/div>\n<\/div>\n<!-- \/module text -->        <div  data-lazy=\"1\" class=\"module_subrow themify_builder_sub_row tf_w col_align_top gutter-none tb_col_count_2 tb_p15l465\">\n                <div  data-lazy=\"1\" class=\"module_column sub_column col4-2 tb_cwda466 first\">\n                    <!-- module image -->\n<div  class=\"module module-image tb_c188936 image-center   tf_mw\" data-lazy=\"1\">\n        <div class=\"image-wrap tf_rel tf_mw\">\n            <img loading=\"lazy\" decoding=\"async\" src=\"http:\/\/www.701realestate.com.mx\/wp-content\/uploads\/2024\/10\/WhatsApp-Image-2024-10-28-at-13.55.08.jpeg\" width=\"800\" height=\"500\" title=\"Home\" alt=\"Inicio\">    \n        <\/div>\n    <!-- \/image-wrap -->\n    \n        <\/div>\n<!-- \/module image -->        <\/div>\n                    <div  data-lazy=\"1\" class=\"module_column sub_column col4-2 tb_zgf3466 last\">\n                    <!-- module image -->\n<div  class=\"module module-image tb_gfn0726 image-center   tf_mw\" data-lazy=\"1\">\n        <div class=\"image-wrap tf_rel tf_mw\">\n            <img loading=\"lazy\" decoding=\"async\" src=\"http:\/\/www.701realestate.com.mx\/wp-content\/uploads\/2024\/10\/WhatsApp-Image-2024-10-28-at-13.55.09.jpeg\" width=\"800\" height=\"500\" title=\"Home\" alt=\"Inicio\">    \n        <\/div>\n    <!-- \/image-wrap -->\n    \n        <\/div>\n<!-- \/module image -->        <\/div>\n                    <\/div>\n                <\/div>\n                        <\/div>\n        <\/div>\n                        <div  data-anchor=\"contacto\" data-lazy=\"1\" class=\"module_row themify_builder_row fullheight tb_has_section tb_section-contacto tb_atcx213 tf_w\">\n            <span class=\"builder_row_cover tf_abs\"><\/span>            <div class=\"row_inner col_align_middle tb_col_count_3 tf_box tf_rel\">\n                        <div  data-lazy=\"1\" class=\"module_column tb-column col3-1 tb_rnq2213 first\">\n                    <!-- module text -->\n<div  class=\"module module-text tb_hvnl527\" data-lazy=\"1\">\n        <div  class=\"tb_text_wrap\">\n        <p>CONTACT<\/p>    <\/div>\n<\/div>\n<!-- \/module text -->        <\/div>\n                    <div  data-lazy=\"1\" class=\"module_column tb-column col3-1 tb_krjm314\">\n                    <!-- module text -->\n<div  class=\"module module-text tb_s961555\" data-lazy=\"1\">\n        <div  class=\"tb_text_wrap\">\n        <p style=\"text-align: center;\">EMAIL ADDRESS<\/p>\n<p style=\"text-align: center;\"><a href=\"mailto:Hola@701realestate.com.mx\">Hola@701realestate.com.mx<\/a><\/p>\n<p style=\"text-align: center;\">PHONE NUMBER<\/p>\n<p style=\"text-align: center;\">3311976560<\/p>\n<p style=\"text-align: center;\"><a href=\"https:\/\/www.701realestate.com.mx\/en\/aviso-de-privacidad\/\">PRIVACY NOTICE<\/a><\/p>    <\/div>\n<\/div>\n<!-- \/module text -->        <\/div>\n                    <div  data-lazy=\"1\" class=\"module_column tb-column col3-1 tb_zsap354 last\">\n                    <!-- module image -->\n<div  class=\"module module-image tb_k0nb442 image-center   tf_mw\" data-lazy=\"1\">\n        <div class=\"image-wrap tf_rel tf_mw\">\n            <img loading=\"lazy\" decoding=\"async\" src=\"http:\/\/www.701realestate.com.mx\/wp-content\/uploads\/2024\/09\/logo-green-bg.png\" width=\"186\" height=\"148\" title=\"Home\" alt=\"Inicio\">    \n        <\/div>\n    <!-- \/image-wrap -->\n    \n        <\/div>\n<!-- \/module image -->        <\/div>\n                        <\/div>\n        <\/div>\n        <\/div>\n<!--\/themify_builder_content-->","protected":false},"excerpt":{"rendered":"<p>At 701 REAL ESTATE, we are more than a real estate firm: we are your strategic partner in the world of property.<\/p>","protected":false},"author":1,"featured_media":0,"parent":0,"menu_order":0,"comment_status":"closed","ping_status":"closed","template":"","meta":{"_joinchat":[],"footnotes":""},"class_list":["post-9","page","type-page","status-publish","hentry","has-post-title","has-post-date","has-post-category","has-post-tag","has-post-comment","has-post-author",""],"builder_content":"<h3>En 701 REAL ESTATE, somos m\u00e1s que una firma de bienes ra\u00edces: somos tu socio estrat\u00e9gico en el mundo de la propiedad.<\/h3>\n<a href=\"https:\/\/www.701realestate.com.mx\/#contacto\" > Cont\u00e1ctanos <\/a>\n<p style=\"text-align: center;\">\u00bfQu\u00e9 est\u00e1s buscando?<\/p>\n<form id=\"tb_zvsm284-form\" method=\"post\" data-post-id=\"0\" data-element-id=\"zvsm284\" data-orig-id=\"9\" > <label for=\"tb_zvsm284-contact-name\"> Nombre * <\/label> <input type=\"text\" name=\"contact-name\" placeholder=\"\" id=\"tb_zvsm284-contact-name\" value=\"\" required> <label for=\"tb_zvsm284-contact-email\"> Email * <\/label> <input type=\"email\" name=\"contact-email\" placeholder=\"\" id=\"tb_zvsm284-contact-email\" value=\"\" required> <label for=\"field_extra_tb_zvsm284_0\"> Tel\u00e9fono <input type=\"hidden\" name=\"field_extra_name_0\" value=\"Tel\u00e9fono\"> <\/label> <input type=\"text\" name=\"field_extra_0\" id=\"field_extra_tb_zvsm284_0\" placeholder=\"\"> <label> Busco: <input type=\"hidden\" name=\"field_extra_name_1\" value=\"Busco:\"> <\/label> <label> <input type=\"checkbox\" name=\"field_extra_1[]\" value=\"Casa\">Casa <\/label> <label> <input type=\"checkbox\" name=\"field_extra_1[]\" value=\"Departamento\">Departamento <\/label> <label> <input type=\"checkbox\" name=\"field_extra_1[]\" value=\"Local\">Local <\/label> <label> <input type=\"checkbox\" name=\"field_extra_1[]\" value=\"Terreno\">Terreno <\/label> <label> <input type=\"checkbox\" name=\"field_extra_1[]\" value=\"Otro\">Otro <\/label> <button type=\"submit\"> Quiero encontrar una propiedad <\/button> <\/form>\n<img src=\"http:\/\/www.701realestate.com.mx\/wp-content\/uploads\/2024\/09\/seccion-nosotros.jpeg\" width=\"1080\" height=\"1080\" title=\"Inicio\" alt=\"Inicio\">\n<p>Project Background<\/p>\n\n<p>Nuestra misi\u00f3n es proporcionar un servicio excepcional, ofreciendo a nuestros clientes soluciones personalizadas que superen sus expectativas. Nos dedicamos a facilitar procesos de compra, venta y alquiler con integridad, transparencia y un profundo conocimiento del mercado inmobiliario.<\/p>\n<p>Fundada en 2023, nuestra empresa ha crecido con el prop\u00f3sito de transformar la manera en que las personas compran, venden y alquilan propiedades.<\/p>\n<p style=\"text-align: center;\">Consulta aqu\u00ed las propiedades disponibles<\/p>\n<a href=\"https:\/\/inmobiliaria-de-pamela-ortiz.easybroker.com\" target=\"_blank\" rel=\"noopener\"> Ver en Easy Broker <\/a>\n<img src=\"http:\/\/www.701realestate.com.mx\/wp-content\/uploads\/2025\/10\/Pamela-nueva.jpg\" width=\"1080\" height=\"1350\" title=\"Inicio\" alt=\"Inicio\">\n<p>NUESTRO EQUIPO<\/p>\n<p>Contamos con un equipo de profesionales altamente capacitados y apasionados por el sector inmobiliario. Nuestros agentes y asesores est\u00e1n comprometidos a guiarte en cada paso del proceso, utilizando su experiencia y conocimientos para ayudarte a tomar decisiones informadas y estrat\u00e9gicas.<\/p>\n<p>Valores<\/p>\n<ul> <li>Compromiso: Estamos dedicados a tus necesidades y trabajamos incansablemente para lograr los mejores resultados.<\/li> <li>Integridad: Actuamos con honestidad y transparencia en todas nuestras transacciones y relaciones.<\/li> <li>Innovaci\u00f3n: Buscamos continuamente nuevas formas de mejorar nuestros servicios y adaptarnos a las tendencias del mercado.<\/li> <li>Excelencia: Nos esforzamos por superar las expectativas, ofreciendo un servicio al cliente de primer nivel.<\/li> <\/ul>\n<p style=\"text-align: center;\">SERVICIOS<\/p>\n<p style=\"text-align: center;\">En 701 Real Estate, ofrecemos una gama completa de servicios inmobiliarios, incluyendo:<\/p>\n<ul> <li>Compra y Venta de Propiedades: Asesoramos en la compra y venta de propiedades residenciales, comerciales e industriales.<\/li> <li>Alquiler de Propiedades: Facilitamos el alquiler de propiedades, garantizando que tanto propietarios como inquilinos tengan una experiencia fluida.<\/li> <li>Valoraciones y Transacciones: Proporcionamos valoraciones precisas para ayudarte a tomar decisiones informadas.<\/li> <li>Asesoramiento en Inversiones: Ofrecemos asesoramiento especializado para inversionistas que buscan maximizar su rentabilidad en el mercado inmobiliario.<\/li> <\/ul>\n<img src=\"http:\/\/www.701realestate.com.mx\/wp-content\/uploads\/2024\/10\/WhatsApp-Image-2024-10-28-at-13.55.08.jpeg\" width=\"800\" height=\"500\" title=\"Inicio\" alt=\"Inicio\">\n<img src=\"http:\/\/www.701realestate.com.mx\/wp-content\/uploads\/2024\/10\/WhatsApp-Image-2024-10-28-at-13.55.09.jpeg\" width=\"800\" height=\"500\" title=\"Inicio\" alt=\"Inicio\">\n<p>CONTACTO<\/p>\n<p style=\"text-align: center;\">EMAIL ADDRESS<\/p> <p style=\"text-align: center;\"><a href=\"mailto:Hola@701realestate.com.mx\">Hola@701realestate.com.mx<\/a><\/p> <p style=\"text-align: center;\">PHONE NUMBER<\/p> <p style=\"text-align: center;\">3311976560<\/p> <p style=\"text-align: center;\"><a href=\"https:\/\/www.701realestate.com.mx\/aviso-de-privacidad\/\">AVISO DE PRIVACIDAD<\/a><\/p>\n<img src=\"http:\/\/www.701realestate.com.mx\/wp-content\/uploads\/2024\/09\/logo-green-bg.png\" width=\"186\" height=\"148\" title=\"Inicio\" alt=\"Inicio\">","_links":{"self":[{"href":"https:\/\/www.701realestate.com.mx\/en\/wp-json\/wp\/v2\/pages\/9","targetHints":{"allow":["GET"]}}],"collection":[{"href":"https:\/\/www.701realestate.com.mx\/en\/wp-json\/wp\/v2\/pages"}],"about":[{"href":"https:\/\/www.701realestate.com.mx\/en\/wp-json\/wp\/v2\/types\/page"}],"author":[{"embeddable":true,"href":"https:\/\/www.701realestate.com.mx\/en\/wp-json\/wp\/v2\/users\/1"}],"replies":[{"embeddable":true,"href":"https:\/\/www.701realestate.com.mx\/en\/wp-json\/wp\/v2\/comments?post=9"}],"version-history":[{"count":170,"href":"https:\/\/www.701realestate.com.mx\/en\/wp-json\/wp\/v2\/pages\/9\/revisions"}],"predecessor-version":[{"id":498,"href":"https:\/\/www.701realestate.com.mx\/en\/wp-json\/wp\/v2\/pages\/9\/revisions\/498"}],"wp:attachment":[{"href":"https:\/\/www.701realestate.com.mx\/en\/wp-json\/wp\/v2\/media?parent=9"}],"curies":[{"name":"wp","href":"https:\/\/api.w.org\/{rel}","templated":true}]}}